{"id":19651,"date":"2021-11-01T11:12:54","date_gmt":"2021-11-01T04:12:54","guid":{"rendered":"https:\/\/polygon-wp-2021.tongkolspace.com\/path-2\/"},"modified":"2022-04-11T10:44:25","modified_gmt":"2022-04-11T03:44:25","slug":"path-2","status":"publish","type":"product","link":"https:\/\/polygon-wp-2021.tongkolspace.com\/es\/path-2\/","title":{"rendered":"PATH 2"},"content":{"rendered":"<p>La Polygon Path 2 combina velocidad, agilidad y estilo en una bicicleta urbana. Dise\u00f1ada combinando la eficiencia de una bicicleta de carretera con una geometr\u00eda urbana espec\u00edfica. Esta bicicleta cuenta con un cuadro AL6 resistente y ligero, una horquilla r\u00edgida de aleaci\u00f3n, frenos de disco hidr\u00e1ulicos y neum\u00e1ticos de 700x35c para una conducci\u00f3n c\u00f3moda. La Path 2 es la bicicleta perfecta para paseos sociales con amigos o para llegar a tiempo a una reuni\u00f3n esquivando el tr\u00e1fico de la ciudad<\/p>\n\n    <div class=\"xs_social_share_widget xs_share_url after_content \t\tmain_content  wslu-style-1 wslu-share-box-shaped wslu-fill-colored wslu-none wslu-share-horizontal wslu-theme-font-no wslu-main_content\">\n\n\t\t\n        <ul>\n\t\t\t        <\/ul>\n    <\/div> \n","protected":false},"excerpt":{"rendered":"<p>La &#8220;Bicicleta de uso diario definitiva&#8221; nunca ha sido tan merecida por una bicicleta.<\/p>\n","protected":false},"featured_media":19654,"comment_status":"open","ping_status":"closed","template":"","meta":{"_editorskit_title_hidden":false,"_editorskit_reading_time":0,"_editorskit_is_block_options_detached":false,"_editorskit_block_options_position":"{}","_themeisle_gutenberg_block_has_review":false},"product_cat":[1072,1117,1479,1166],"product_tag":[1488],"acf":[],"_links":{"self":[{"href":"https:\/\/polygon-wp-2021.tongkolspace.com\/es\/wp-json\/wp\/v2\/product\/19651"}],"collection":[{"href":"https:\/\/polygon-wp-2021.tongkolspace.com\/es\/wp-json\/wp\/v2\/product"}],"about":[{"href":"https:\/\/polygon-wp-2021.tongkolspace.com\/es\/wp-json\/wp\/v2\/types\/product"}],"replies":[{"embeddable":true,"href":"https:\/\/polygon-wp-2021.tongkolspace.com\/es\/wp-json\/wp\/v2\/comments?post=19651"}],"wp:featuredmedia":[{"embeddable":true,"href":"https:\/\/polygon-wp-2021.tongkolspace.com\/es\/wp-json\/wp\/v2\/media\/19654"}],"wp:attachment":[{"href":"https:\/\/polygon-wp-2021.tongkolspace.com\/es\/wp-json\/wp\/v2\/media?parent=19651"}],"wp:term":[{"taxonomy":"product_cat","embeddable":true,"href":"https:\/\/polygon-wp-2021.tongkolspace.com\/es\/wp-json\/wp\/v2\/product_cat?post=19651"},{"taxonomy":"product_tag","embeddable":true,"href":"https:\/\/polygon-wp-2021.tongkolspace.com\/es\/wp-json\/wp\/v2\/product_tag?post=19651"}],"curies":[{"name":"wp","href":"https:\/\/api.w.org\/{rel}","templated":true}]}}