{"id":19547,"date":"2021-11-01T10:01:45","date_gmt":"2021-11-01T03:01:45","guid":{"rendered":"https:\/\/polygon-wp-2021.tongkolspace.com\/razor-elite-2\/"},"modified":"2025-04-29T13:06:06","modified_gmt":"2025-04-29T06:06:06","slug":"razor-elite-2021","status":"publish","type":"product","link":"https:\/\/polygon-wp-2021.tongkolspace.com\/es\/razor-elite-2021\/","title":{"rendered":"RAZOR ELITE"},"content":{"rendered":"<p>Todo, desde paseos por la ciudad hasta paseos cortos fuera de la carretera y carreras de BMX en pistas de tierra. Bueno, cualquier cosa que haga que tu coraz\u00f3n se acelere es probablemente lo que m\u00e1s vale la pena tener. Polygon Razor es una bicicleta BMX dise\u00f1ada para acelerar cuando cae la puerta, tomar curvas con precisi\u00f3n y atrapar la parte trasera de los dobles. Construido alrededor de un marco s\u00faper ligero y receptivo, tendr\u00e1s tu propio estilo. Y prep\u00e1rate para llamar la atenci\u00f3n de todos.<\/p>\n\n    <div class=\"xs_social_share_widget xs_share_url after_content \t\tmain_content  wslu-style-1 wslu-share-box-shaped wslu-fill-colored wslu-none wslu-share-horizontal wslu-theme-font-no wslu-main_content\">\n\n\t\t\n        <ul>\n\t\t\t        <\/ul>\n    <\/div> \n","protected":false},"excerpt":{"rendered":"<p>Dise\u00f1ado para acelerar cuando la puerta cae, para doblar con precisi\u00f3n y para atrapar la parte trasera de los dobles<\/p>\n","protected":false},"featured_media":19550,"comment_status":"closed","ping_status":"closed","template":"","meta":{"_editorskit_title_hidden":false,"_editorskit_reading_time":0,"_editorskit_is_block_options_detached":false,"_editorskit_block_options_position":"{}","_themeisle_gutenberg_block_has_review":false},"product_cat":[1072,1151,1153,1413],"product_tag":[],"acf":[],"_links":{"self":[{"href":"https:\/\/polygon-wp-2021.tongkolspace.com\/es\/wp-json\/wp\/v2\/product\/19547"}],"collection":[{"href":"https:\/\/polygon-wp-2021.tongkolspace.com\/es\/wp-json\/wp\/v2\/product"}],"about":[{"href":"https:\/\/polygon-wp-2021.tongkolspace.com\/es\/wp-json\/wp\/v2\/types\/product"}],"replies":[{"embeddable":true,"href":"https:\/\/polygon-wp-2021.tongkolspace.com\/es\/wp-json\/wp\/v2\/comments?post=19547"}],"wp:featuredmedia":[{"embeddable":true,"href":"https:\/\/polygon-wp-2021.tongkolspace.com\/es\/wp-json\/wp\/v2\/media\/19550"}],"wp:attachment":[{"href":"https:\/\/polygon-wp-2021.tongkolspace.com\/es\/wp-json\/wp\/v2\/media?parent=19547"}],"wp:term":[{"taxonomy":"product_cat","embeddable":true,"href":"https:\/\/polygon-wp-2021.tongkolspace.com\/es\/wp-json\/wp\/v2\/product_cat?post=19547"},{"taxonomy":"product_tag","embeddable":true,"href":"https:\/\/polygon-wp-2021.tongkolspace.com\/es\/wp-json\/wp\/v2\/product_tag?post=19547"}],"curies":[{"name":"wp","href":"https:\/\/api.w.org\/{rel}","templated":true}]}}