{"id":19347,"date":"2021-11-01T11:30:45","date_gmt":"2021-11-01T04:30:45","guid":{"rendered":"https:\/\/polygon-wp-2021.tongkolspace.com\/urbano-3\/"},"modified":"2022-04-11T09:01:32","modified_gmt":"2022-04-11T02:01:32","slug":"urbano-3","status":"publish","type":"product","link":"https:\/\/polygon-wp-2021.tongkolspace.com\/es\/urbano-3\/","title":{"rendered":"URBANO 3"},"content":{"rendered":"<p style=\"text-align: Justify;\">Bueno, sabemos que hay satisfacci\u00f3n y alegr\u00eda en desarrollar todo. Con eso en mente, te traemos una bicicleta de alegr\u00eda, Urbano. Construido con un cuadro ALX liviano, ruedas de 20 &#8220;, la Polygon Urbano est\u00e1 dise\u00f1ado para colocar al ciclista en una posici\u00f3n de conducci\u00f3n erguida que mejorara la comodidad y la visibilidad. Urbano fue creado para t\u00ed que buscas una bicicleta \u00fanica, simple y port\u00e1til para vivir un estilo de vida activo. Despli\u00e9gala y tu vida se desplegar\u00e1.<\/p>\n\n    <div class=\"xs_social_share_widget xs_share_url after_content \t\tmain_content  wslu-style-1 wslu-share-box-shaped wslu-fill-colored wslu-none wslu-share-horizontal wslu-theme-font-no wslu-main_content\">\n\n\t\t\n        <ul>\n\t\t\t        <\/ul>\n    <\/div> \n","protected":false},"excerpt":{"rendered":"<p>Bicicleta urbana compacta para tus viajes a diario<\/p>\n","protected":false},"featured_media":19351,"comment_status":"open","ping_status":"closed","template":"","meta":{"_editorskit_title_hidden":false,"_editorskit_reading_time":0,"_editorskit_is_block_options_detached":false,"_editorskit_block_options_position":"{}","_themeisle_gutenberg_block_has_review":false},"product_cat":[1072,1117,1164,1380],"product_tag":[],"acf":[],"_links":{"self":[{"href":"https:\/\/polygon-wp-2021.tongkolspace.com\/es\/wp-json\/wp\/v2\/product\/19347"}],"collection":[{"href":"https:\/\/polygon-wp-2021.tongkolspace.com\/es\/wp-json\/wp\/v2\/product"}],"about":[{"href":"https:\/\/polygon-wp-2021.tongkolspace.com\/es\/wp-json\/wp\/v2\/types\/product"}],"replies":[{"embeddable":true,"href":"https:\/\/polygon-wp-2021.tongkolspace.com\/es\/wp-json\/wp\/v2\/comments?post=19347"}],"wp:featuredmedia":[{"embeddable":true,"href":"https:\/\/polygon-wp-2021.tongkolspace.com\/es\/wp-json\/wp\/v2\/media\/19351"}],"wp:attachment":[{"href":"https:\/\/polygon-wp-2021.tongkolspace.com\/es\/wp-json\/wp\/v2\/media?parent=19347"}],"wp:term":[{"taxonomy":"product_cat","embeddable":true,"href":"https:\/\/polygon-wp-2021.tongkolspace.com\/es\/wp-json\/wp\/v2\/product_cat?post=19347"},{"taxonomy":"product_tag","embeddable":true,"href":"https:\/\/polygon-wp-2021.tongkolspace.com\/es\/wp-json\/wp\/v2\/product_tag?post=19347"}],"curies":[{"name":"wp","href":"https:\/\/api.w.org\/{rel}","templated":true}]}}