{"id":19091,"date":"2021-11-01T11:30:44","date_gmt":"2021-11-01T04:30:44","guid":{"rendered":"https:\/\/polygon-wp-2021.tongkolspace.com\/strattos-s3\/"},"modified":"2025-04-29T13:05:52","modified_gmt":"2025-04-29T06:05:52","slug":"strattos-s3-2021","status":"publish","type":"product","link":"https:\/\/polygon-wp-2021.tongkolspace.com\/es\/strattos-s3-2021\/","title":{"rendered":"STRATTOS S3"},"content":{"rendered":"<p style=\"text-align: Justify;\">La euforia al salir a rodar, experimentar el viento a tu alrededor y sentir que los latidos de su coraz\u00f3n aumentan. El nuevo Strattos define una nueva forma de experimentar la carretera. Dise\u00f1ada para paseos de horas de duraci\u00f3n, la Strattos mejora la comodidad de conducci\u00f3n, sin comprometer el rendimiento. Ya sea para un paseo panor\u00e1mico con amigos o una carrera de alta adrenalina, la Strattos es la mejor amiga que siempre estar\u00e1 lista para viajar contigo.<\/p>\n\n    <div class=\"xs_social_share_widget xs_share_url after_content \t\tmain_content  wslu-style-1 wslu-share-box-shaped wslu-fill-colored wslu-none wslu-share-horizontal wslu-theme-font-no wslu-main_content\">\n\n\t\t\n        <ul>\n\t\t\t        <\/ul>\n    <\/div> \n","protected":false},"excerpt":{"rendered":"<p>Bicicleta de carretera vers\u00e1til construida con un cuadro de aluminio ALX y horquilla de carbono, que define una nueva forma de experimentar la carretera<\/p>\n","protected":false},"featured_media":19094,"comment_status":"open","ping_status":"closed","template":"","meta":{"_editorskit_title_hidden":false,"_editorskit_reading_time":0,"_editorskit_is_block_options_detached":false,"_editorskit_block_options_position":"{}","_themeisle_gutenberg_block_has_review":false},"product_cat":[1072,1157,1338,1161],"product_tag":[],"acf":[],"_links":{"self":[{"href":"https:\/\/polygon-wp-2021.tongkolspace.com\/es\/wp-json\/wp\/v2\/product\/19091"}],"collection":[{"href":"https:\/\/polygon-wp-2021.tongkolspace.com\/es\/wp-json\/wp\/v2\/product"}],"about":[{"href":"https:\/\/polygon-wp-2021.tongkolspace.com\/es\/wp-json\/wp\/v2\/types\/product"}],"replies":[{"embeddable":true,"href":"https:\/\/polygon-wp-2021.tongkolspace.com\/es\/wp-json\/wp\/v2\/comments?post=19091"}],"wp:featuredmedia":[{"embeddable":true,"href":"https:\/\/polygon-wp-2021.tongkolspace.com\/es\/wp-json\/wp\/v2\/media\/19094"}],"wp:attachment":[{"href":"https:\/\/polygon-wp-2021.tongkolspace.com\/es\/wp-json\/wp\/v2\/media?parent=19091"}],"wp:term":[{"taxonomy":"product_cat","embeddable":true,"href":"https:\/\/polygon-wp-2021.tongkolspace.com\/es\/wp-json\/wp\/v2\/product_cat?post=19091"},{"taxonomy":"product_tag","embeddable":true,"href":"https:\/\/polygon-wp-2021.tongkolspace.com\/es\/wp-json\/wp\/v2\/product_tag?post=19091"}],"curies":[{"name":"wp","href":"https:\/\/api.w.org\/{rel}","templated":true}]}}