{"id":19042,"date":"2021-11-01T10:57:11","date_gmt":"2021-11-01T03:57:11","guid":{"rendered":"https:\/\/polygon-wp-2021.tongkolspace.com\/cleo-2\/"},"modified":"2022-04-09T16:53:26","modified_gmt":"2022-04-09T09:53:26","slug":"cleo-2","status":"publish","type":"product","link":"https:\/\/polygon-wp-2021.tongkolspace.com\/es\/cleo-2\/","title":{"rendered":"CLEO 2"},"content":{"rendered":"<p>La Polygon Cleo, dise\u00f1ada para desplazarse por las calles y rodar por la ciudad sin dejar de lado la conducci\u00f3n en la monta\u00f1a. Dise\u00f1ada con una geometr\u00eda inspirada en las bicicletas de monta\u00f1a, nuestra Cleo cuenta con un cuadro de aleaci\u00f3n robusto pero liviano con ruedas de 27.5 \u201dde r\u00e1pido rodamiento para una posici\u00f3n de conducci\u00f3n m\u00e1s c\u00f3moda, un rendimiento sin preocupaciones y una construcci\u00f3n s\u00f3lida para mantenerlo en marcha durante a\u00f1os. La Cleo se cre\u00f3 para los ciclistas que buscan mejorar y expandir sus horizontes.<\/p>\n\n    <div class=\"xs_social_share_widget xs_share_url after_content \t\tmain_content  wslu-style-1 wslu-share-box-shaped wslu-fill-colored wslu-none wslu-share-horizontal wslu-theme-font-no wslu-main_content\">\n\n\t\t\n        <ul>\n\t\t\t        <\/ul>\n    <\/div> \n","protected":false},"excerpt":{"rendered":"<p>El camino a las monta\u00f1as comienza aqu\u00ed<\/p>\n","protected":false},"featured_media":19043,"comment_status":"open","ping_status":"closed","template":"","meta":{"_editorskit_title_hidden":false,"_editorskit_reading_time":0,"_editorskit_is_block_options_detached":false,"_editorskit_block_options_position":"{}","_themeisle_gutenberg_block_has_review":false},"product_cat":[1072,1141,1143,1330],"product_tag":[],"acf":[],"_links":{"self":[{"href":"https:\/\/polygon-wp-2021.tongkolspace.com\/es\/wp-json\/wp\/v2\/product\/19042"}],"collection":[{"href":"https:\/\/polygon-wp-2021.tongkolspace.com\/es\/wp-json\/wp\/v2\/product"}],"about":[{"href":"https:\/\/polygon-wp-2021.tongkolspace.com\/es\/wp-json\/wp\/v2\/types\/product"}],"replies":[{"embeddable":true,"href":"https:\/\/polygon-wp-2021.tongkolspace.com\/es\/wp-json\/wp\/v2\/comments?post=19042"}],"wp:featuredmedia":[{"embeddable":true,"href":"https:\/\/polygon-wp-2021.tongkolspace.com\/es\/wp-json\/wp\/v2\/media\/19043"}],"wp:attachment":[{"href":"https:\/\/polygon-wp-2021.tongkolspace.com\/es\/wp-json\/wp\/v2\/media?parent=19042"}],"wp:term":[{"taxonomy":"product_cat","embeddable":true,"href":"https:\/\/polygon-wp-2021.tongkolspace.com\/es\/wp-json\/wp\/v2\/product_cat?post=19042"},{"taxonomy":"product_tag","embeddable":true,"href":"https:\/\/polygon-wp-2021.tongkolspace.com\/es\/wp-json\/wp\/v2\/product_tag?post=19042"}],"curies":[{"name":"wp","href":"https:\/\/api.w.org\/{rel}","templated":true}]}}