{"id":18952,"date":"2021-10-05T10:44:24","date_gmt":"2021-10-05T03:44:24","guid":{"rendered":"https:\/\/polygon-wp-2021.tongkolspace.com\/cascade-2\/"},"modified":"2025-03-21T17:00:11","modified_gmt":"2025-03-21T10:00:11","slug":"cascade-2","status":"publish","type":"product","link":"https:\/\/polygon-wp-2021.tongkolspace.com\/es\/cascade-2\/","title":{"rendered":"CASCADE 2"},"content":{"rendered":"<p>Nuestra bici de todos los tiempos: La Cascade, nacida para t\u00ed, que planeas montar recreativamente todos los fines de semana y sentir las monta\u00f1as. La Cascade est\u00e1 construida con un cuadro AL6 liviano y robusto, con una geometr\u00eda moderna para una conducci\u00f3n m\u00e1s c\u00f3moda. Las especificaciones de los componentes incluyen: ruedas de 27,5\u201d para una menor resistencia a la rodadura, una horquilla de 100 mm de recorrido para suavizar los baches mientras se conduce por senderos y frenos de disco para mantener el control en todo momento. Prep\u00e1rate para encantarte con nuestra bici y empieza a amar a\u00fan m\u00e1s las monta\u00f1as.<\/p>\n\n    <div class=\"xs_social_share_widget xs_share_url after_content \t\tmain_content  wslu-style-1 wslu-share-box-shaped wslu-fill-colored wslu-none wslu-share-horizontal wslu-theme-font-no wslu-main_content\">\n\n\t\t\n        <ul>\n\t\t\t        <\/ul>\n    <\/div> \n","protected":false},"excerpt":{"rendered":"<p>El camino a las monta\u00f1as comienza aqu\u00ed<\/p>\n","protected":false},"featured_media":18957,"comment_status":"open","ping_status":"closed","template":"","meta":{"_editorskit_title_hidden":false,"_editorskit_reading_time":0,"_editorskit_is_block_options_detached":false,"_editorskit_block_options_position":"{}","_themeisle_gutenberg_block_has_review":false},"product_cat":[1072,1141,1315,1143],"product_tag":[],"acf":[],"_links":{"self":[{"href":"https:\/\/polygon-wp-2021.tongkolspace.com\/es\/wp-json\/wp\/v2\/product\/18952"}],"collection":[{"href":"https:\/\/polygon-wp-2021.tongkolspace.com\/es\/wp-json\/wp\/v2\/product"}],"about":[{"href":"https:\/\/polygon-wp-2021.tongkolspace.com\/es\/wp-json\/wp\/v2\/types\/product"}],"replies":[{"embeddable":true,"href":"https:\/\/polygon-wp-2021.tongkolspace.com\/es\/wp-json\/wp\/v2\/comments?post=18952"}],"wp:featuredmedia":[{"embeddable":true,"href":"https:\/\/polygon-wp-2021.tongkolspace.com\/es\/wp-json\/wp\/v2\/media\/18957"}],"wp:attachment":[{"href":"https:\/\/polygon-wp-2021.tongkolspace.com\/es\/wp-json\/wp\/v2\/media?parent=18952"}],"wp:term":[{"taxonomy":"product_cat","embeddable":true,"href":"https:\/\/polygon-wp-2021.tongkolspace.com\/es\/wp-json\/wp\/v2\/product_cat?post=18952"},{"taxonomy":"product_tag","embeddable":true,"href":"https:\/\/polygon-wp-2021.tongkolspace.com\/es\/wp-json\/wp\/v2\/product_tag?post=18952"}],"curies":[{"name":"wp","href":"https:\/\/api.w.org\/{rel}","templated":true}]}}