{"id":18905,"date":"2021-09-30T13:54:25","date_gmt":"2021-09-30T06:54:25","guid":{"rendered":"https:\/\/polygon-wp-2021.tongkolspace.com\/premier-4\/"},"modified":"2022-04-09T16:38:36","modified_gmt":"2022-04-09T09:38:36","slug":"premier-4","status":"publish","type":"product","link":"https:\/\/polygon-wp-2021.tongkolspace.com\/es\/premier-4\/","title":{"rendered":"PREMIER 4"},"content":{"rendered":"<p>Creada para ciclistas que quieren una bicicleta de monta\u00f1a vers\u00e1til. Construida con un cuadro AL6 liviano y robusto, con geometr\u00eda moderna para un c\u00f3modo viaje de placer, la Premier mantendr\u00e1 a los entusiastas ciclistas rodando por a\u00f1os. La serie Premier se adapta a ti y te ayuda a definir tus monta\u00f1as.<\/p>\n\n    <div class=\"xs_social_share_widget xs_share_url after_content \t\tmain_content  wslu-style-1 wslu-share-box-shaped wslu-fill-colored wslu-none wslu-share-horizontal wslu-theme-font-no wslu-main_content\">\n\n\t\t\n        <ul>\n\t\t\t        <\/ul>\n    <\/div> \n","protected":false},"excerpt":{"rendered":"<p>El camino a las monta\u00f1as comienza aqu\u00ed<\/p>\n","protected":false},"featured_media":18908,"comment_status":"open","ping_status":"closed","template":"","meta":{"_editorskit_title_hidden":false,"_editorskit_reading_time":0,"_editorskit_is_block_options_detached":false,"_editorskit_block_options_position":"{}","_themeisle_gutenberg_block_has_review":false},"product_cat":[1072,1141,1143,1303],"product_tag":[],"acf":[],"_links":{"self":[{"href":"https:\/\/polygon-wp-2021.tongkolspace.com\/es\/wp-json\/wp\/v2\/product\/18905"}],"collection":[{"href":"https:\/\/polygon-wp-2021.tongkolspace.com\/es\/wp-json\/wp\/v2\/product"}],"about":[{"href":"https:\/\/polygon-wp-2021.tongkolspace.com\/es\/wp-json\/wp\/v2\/types\/product"}],"replies":[{"embeddable":true,"href":"https:\/\/polygon-wp-2021.tongkolspace.com\/es\/wp-json\/wp\/v2\/comments?post=18905"}],"wp:featuredmedia":[{"embeddable":true,"href":"https:\/\/polygon-wp-2021.tongkolspace.com\/es\/wp-json\/wp\/v2\/media\/18908"}],"wp:attachment":[{"href":"https:\/\/polygon-wp-2021.tongkolspace.com\/es\/wp-json\/wp\/v2\/media?parent=18905"}],"wp:term":[{"taxonomy":"product_cat","embeddable":true,"href":"https:\/\/polygon-wp-2021.tongkolspace.com\/es\/wp-json\/wp\/v2\/product_cat?post=18905"},{"taxonomy":"product_tag","embeddable":true,"href":"https:\/\/polygon-wp-2021.tongkolspace.com\/es\/wp-json\/wp\/v2\/product_tag?post=18905"}],"curies":[{"name":"wp","href":"https:\/\/api.w.org\/{rel}","templated":true}]}}