{"id":18590,"date":"2021-11-01T11:15:01","date_gmt":"2021-11-01T04:15:01","guid":{"rendered":"https:\/\/polygon-wp-2021.tongkolspace.com\/syncline-c5\/"},"modified":"2025-04-29T13:05:56","modified_gmt":"2025-04-29T06:05:56","slug":"syncline-c5-2021","status":"publish","type":"product","link":"https:\/\/polygon-wp-2021.tongkolspace.com\/es\/syncline-c5-2021\/","title":{"rendered":"SYNCLINE C5"},"content":{"rendered":"<p style=\"text-align: justify;\">Dise\u00f1ada como una m\u00e1quina de trail XC con una geometr\u00eda moderna de alto rendimiento. Con un cuadro de carbono ultraligero y r\u00edgido dise\u00f1ado alrededor de ruedas de 27,5&#8243; y 29&#8243;.Esta bicicleta te mantendr\u00e1 rodando de cross country a pistas t\u00e9cnicas sin problemas y con estilo. Esta es para ti, buscador de senderos. Ya sea que est\u00e9 buscando diversi\u00f3n en la conducci\u00f3n todoterreno o un entusiasta del XC que lucha por los podios, prep\u00e1rese para cruzar todos los l\u00edmites y apoderarte de tu propio viaje.<\/p>\n\n    <div class=\"xs_social_share_widget xs_share_url after_content \t\tmain_content  wslu-style-1 wslu-share-box-shaped wslu-fill-colored wslu-none wslu-share-horizontal wslu-theme-font-no wslu-main_content\">\n\n\t\t\n        <ul>\n\t\t\t        <\/ul>\n    <\/div> \n","protected":false},"excerpt":{"rendered":"<p>Dedicado desde corredores profesionales de XC hasta ciclistas recreativos<\/p>\n","protected":false},"featured_media":18593,"comment_status":"open","ping_status":"closed","template":"","meta":{"_editorskit_title_hidden":false,"_editorskit_reading_time":0,"_editorskit_is_block_options_detached":false,"_editorskit_block_options_position":"{}","_themeisle_gutenberg_block_has_review":false},"product_cat":[1072,1141,1145,1234],"product_tag":[],"acf":[],"_links":{"self":[{"href":"https:\/\/polygon-wp-2021.tongkolspace.com\/es\/wp-json\/wp\/v2\/product\/18590"}],"collection":[{"href":"https:\/\/polygon-wp-2021.tongkolspace.com\/es\/wp-json\/wp\/v2\/product"}],"about":[{"href":"https:\/\/polygon-wp-2021.tongkolspace.com\/es\/wp-json\/wp\/v2\/types\/product"}],"replies":[{"embeddable":true,"href":"https:\/\/polygon-wp-2021.tongkolspace.com\/es\/wp-json\/wp\/v2\/comments?post=18590"}],"wp:featuredmedia":[{"embeddable":true,"href":"https:\/\/polygon-wp-2021.tongkolspace.com\/es\/wp-json\/wp\/v2\/media\/18593"}],"wp:attachment":[{"href":"https:\/\/polygon-wp-2021.tongkolspace.com\/es\/wp-json\/wp\/v2\/media?parent=18590"}],"wp:term":[{"taxonomy":"product_cat","embeddable":true,"href":"https:\/\/polygon-wp-2021.tongkolspace.com\/es\/wp-json\/wp\/v2\/product_cat?post=18590"},{"taxonomy":"product_tag","embeddable":true,"href":"https:\/\/polygon-wp-2021.tongkolspace.com\/es\/wp-json\/wp\/v2\/product_tag?post=18590"}],"curies":[{"name":"wp","href":"https:\/\/api.w.org\/{rel}","templated":true}]}}